{"id":186,"date":"2025-04-03T20:08:47","date_gmt":"2025-04-03T20:08:47","guid":{"rendered":"https:\/\/www.canalb.ch\/canal-b\/"},"modified":"2026-04-02T18:12:22","modified_gmt":"2026-04-02T18:12:22","slug":"canal-b","status":"publish","type":"page","link":"https:\/\/www.canalb.ch\/de\/","title":{"rendered":"Canal B"},"content":{"rendered":"\t\t<div data-elementor-type=\"wp-page\" data-elementor-id=\"186\" class=\"elementor elementor-186 elementor-42\" data-elementor-post-type=\"page\">\n\t\t\t\t<div class=\"elementor-element elementor-element-7710c09 e-flex e-con-boxed e-con e-parent\" data-id=\"7710c09\" data-element_type=\"container\" data-e-type=\"container\" data-settings=\"{&quot;background_motion_fx_translateY_effect&quot;:&quot;yes&quot;,&quot;background_motion_fx_translateY_speed&quot;:{&quot;unit&quot;:&quot;px&quot;,&quot;size&quot;:5.3,&quot;sizes&quot;:[]},&quot;background_motion_fx_translateY_affectedRange&quot;:{&quot;unit&quot;:&quot;%&quot;,&quot;size&quot;:&quot;&quot;,&quot;sizes&quot;:{&quot;start&quot;:0,&quot;end&quot;:100}},&quot;background_motion_fx_devices&quot;:[&quot;widescreen&quot;,&quot;desktop&quot;,&quot;tablet&quot;,&quot;mobile&quot;]}\">\n\t\t\t\t\t<div class=\"e-con-inner\">\n\t\t\t\t<div class=\"elementor-element elementor-element-7a2a579 elementor-widget elementor-widget-video\" data-id=\"7a2a579\" data-element_type=\"widget\" data-e-type=\"widget\" data-settings=\"{&quot;video_type&quot;:&quot;vimeo&quot;,&quot;autoplay&quot;:&quot;yes&quot;}\" data-widget_type=\"video.default\">\n\t\t\t\t<div class=\"elementor-widget-container\">\n\t\t\t\t\t\t\t<div class=\"elementor-wrapper elementor-open-inline\">\n\t\t\t<iframe class=\"elementor-video-iframe\" allowfullscreen allow=\"autoplay\" title=\"vimeo Video Player\" src=\"https:\/\/player.vimeo.com\/video\/1177757657?autoplay=1&amp;color&amp;autopause=0&amp;loop=0&amp;muted=0&amp;title=1&amp;portrait=1&amp;byline=1#t=\"><\/iframe>\t\t<\/div>\n\t\t\t\t\t\t<\/div>\n\t\t\t\t<\/div>\n\t\t\t\t<div class=\"elementor-element elementor-element-bc74d62 elementor-widget elementor-widget-spacer\" data-id=\"bc74d62\" data-element_type=\"widget\" data-e-type=\"widget\" data-widget_type=\"spacer.default\">\n\t\t\t\t<div class=\"elementor-widget-container\">\n\t\t\t\t\t\t\t<div class=\"elementor-spacer\">\n\t\t\t<div class=\"elementor-spacer-inner\"><\/div>\n\t\t<\/div>\n\t\t\t\t\t\t<\/div>\n\t\t\t\t<\/div>\n\t\t\t\t<div class=\"elementor-element elementor-element-6898930 elementor-widget__width-auto animated-slow elementor-widget-divider--view-line elementor-invisible elementor-widget elementor-widget-divider\" data-id=\"6898930\" data-element_type=\"widget\" data-e-type=\"widget\" data-settings=\"{&quot;_animation&quot;:&quot;fadeIn&quot;,&quot;_animation_delay&quot;:300}\" data-widget_type=\"divider.default\">\n\t\t\t\t<div class=\"elementor-widget-container\">\n\t\t\t\t\t\t\t<div class=\"elementor-divider\">\n\t\t\t<span class=\"elementor-divider-separator\">\n\t\t\t\t\t\t<\/span>\n\t\t<\/div>\n\t\t\t\t\t\t<\/div>\n\t\t\t\t<\/div>\n\t\t<div class=\"elementor-element elementor-element-1457d75 e-con-full e-flex e-con e-child\" data-id=\"1457d75\" data-element_type=\"container\" data-e-type=\"container\" data-settings=\"{&quot;background_background&quot;:&quot;classic&quot;}\">\n\t\t\t\t<div class=\"elementor-element elementor-element-bf9603a animated-slow elementor-invisible elementor-widget elementor-widget-text-editor\" data-id=\"bf9603a\" data-element_type=\"widget\" data-e-type=\"widget\" data-settings=\"{&quot;_animation&quot;:&quot;fadeInUp&quot;,&quot;_animation_delay&quot;:400}\" data-widget_type=\"text-editor.default\">\n\t\t\t\t<div class=\"elementor-widget-container\">\n\t\t\t\t\t\t\t\t\tDer neue regionale Fernsehsender\naus <strong>Biel<\/strong>, dem <strong>Grand Chasseral<\/strong>\u00a0und dem <strong>Seeland<\/strong> startet am 1. Juli 2026\t\t\t\t\t\t\t\t<\/div>\n\t\t\t\t<\/div>\n\t\t\t\t<\/div>\n\t\t\t\t\t<\/div>\n\t\t\t\t<\/div>\n\t\t<div class=\"elementor-element elementor-element-58cfd5d e-flex e-con-boxed e-con e-parent\" data-id=\"58cfd5d\" data-element_type=\"container\" data-e-type=\"container\" data-settings=\"{&quot;background_background&quot;:&quot;classic&quot;}\">\n\t\t\t\t\t<div class=\"e-con-inner\">\n\t\t\t\t<div class=\"elementor-element elementor-element-612ccf8 elementor-invisible elementor-widget elementor-widget-heading\" data-id=\"612ccf8\" data-element_type=\"widget\" data-e-type=\"widget\" data-settings=\"{&quot;_animation&quot;:&quot;fadeIn&quot;,&quot;_animation_delay&quot;:0}\" data-widget_type=\"heading.default\">\n\t\t\t\t<div class=\"elementor-widget-container\">\n\t\t\t\t\t<h2 class=\"elementor-heading-title elementor-size-default\">Ein neues Medienprojekt f\u00fcr die Region<\/h2>\t\t\t\t<\/div>\n\t\t\t\t<\/div>\n\t\t\t\t<div class=\"elementor-element elementor-element-759c99a elementor-widget-divider--view-line elementor-widget elementor-widget-divider\" data-id=\"759c99a\" data-element_type=\"widget\" data-e-type=\"widget\" data-settings=\"{&quot;_animation&quot;:&quot;none&quot;,&quot;_animation_delay&quot;:200}\" data-widget_type=\"divider.default\">\n\t\t\t\t<div class=\"elementor-widget-container\">\n\t\t\t\t\t\t\t<div class=\"elementor-divider\">\n\t\t\t<span class=\"elementor-divider-separator\">\n\t\t\t\t\t\t<\/span>\n\t\t<\/div>\n\t\t\t\t\t\t<\/div>\n\t\t\t\t<\/div>\n\t\t\t\t<div class=\"elementor-element elementor-element-1060554 elementor-widget elementor-widget-text-editor\" data-id=\"1060554\" data-element_type=\"widget\" data-e-type=\"widget\" data-settings=\"{&quot;_animation&quot;:&quot;none&quot;,&quot;_animation_delay&quot;:0}\" data-widget_type=\"text-editor.default\">\n\t\t\t\t<div class=\"elementor-widget-container\">\n\t\t\t\t\t\t\t\t\t<p>Canal B erhielt 2024 eine Konzession des UVEK mit einem \u00f6ffentlichen Dienstleistungsauftrag.<\/p><p>Aufgrund zweier Rekurse konnte die Ausstrahlung der Programme noch nicht beginnen. Unser Team bereitet jedoch mit Begeisterung den Start von Canal B vor. Die Sendungen werden <strong>bald<\/strong> aus den neuen Studios in Biel beginnen.<\/p><p>Canal B wird in der <strong>Region<\/strong> verankert und konsequent zweisprachig sein.<\/p><p>Es werden zwei Kan\u00e4le angeboten, einer f\u00fcr <strong>Deutschsprachige <\/strong><b>\u00a0<\/b>und einer f\u00fcr <strong>Franz\u00f6sischsprachige<\/strong>.<\/p>\t\t\t\t\t\t\t\t<\/div>\n\t\t\t\t<\/div>\n\t\t\t\t\t<\/div>\n\t\t\t\t<\/div>\n\t\t<div class=\"elementor-element elementor-element-b2f1e70 e-flex e-con-boxed e-con e-parent\" data-id=\"b2f1e70\" data-element_type=\"container\" data-e-type=\"container\">\n\t\t\t\t\t<div class=\"e-con-inner\">\n\t\t<div class=\"elementor-element elementor-element-f54fec9 e-con-full e-flex e-con e-child\" data-id=\"f54fec9\" data-element_type=\"container\" data-e-type=\"container\">\n\t\t\t\t<div class=\"elementor-element elementor-element-9904933 elementor-widget elementor-widget-text-editor\" data-id=\"9904933\" data-element_type=\"widget\" data-e-type=\"widget\" data-widget_type=\"text-editor.default\">\n\t\t\t\t<div class=\"elementor-widget-container\">\n\t\t\t\t\t\t\t\t\t<p>Canal B wird sich auf einen <strong>Qualit\u00e4tsjournalismus<\/strong> st\u00fctzen, der alle und jeden zu Wort kommen l\u00e4sst, ohne Militanz oder Voreingenommenheit.<\/p><p>Sie wird <strong>b\u00fcrgernahe<\/strong>, offene, konstruktive und <strong>zukunftsorientierte<\/strong> Informationen anbieten.<\/p>\t\t\t\t\t\t\t\t<\/div>\n\t\t\t\t<\/div>\n\t\t\t\t<\/div>\n\t\t<div class=\"elementor-element elementor-element-a24e36e e-con-full e-flex e-con e-child\" data-id=\"a24e36e\" data-element_type=\"container\" data-e-type=\"container\">\n\t\t\t\t<div class=\"elementor-element elementor-element-3dd27c6 elementor-widget elementor-widget-image\" data-id=\"3dd27c6\" data-element_type=\"widget\" data-e-type=\"widget\" data-widget_type=\"image.default\">\n\t\t\t\t<div class=\"elementor-widget-container\">\n\t\t\t\t\t\t\t\t\t\t\t\t\t\t\t<img fetchpriority=\"high\" decoding=\"async\" width=\"643\" height=\"560\" src=\"https:\/\/www.canalb.ch\/wp-content\/uploads\/2025\/04\/zone-desserte-canalb.svg\" class=\"attachment-full size-full wp-image-184\" alt=\"\" \/>\t\t\t\t\t\t\t\t\t\t\t\t\t\t\t<\/div>\n\t\t\t\t<\/div>\n\t\t\t\t<\/div>\n\t\t\t\t\t<\/div>\n\t\t\t\t<\/div>\n\t\t<div class=\"elementor-element elementor-element-a90fde0 e-flex e-con-boxed e-con e-parent\" data-id=\"a90fde0\" data-element_type=\"container\" data-e-type=\"container\" data-settings=\"{&quot;background_background&quot;:&quot;classic&quot;}\">\n\t\t\t\t\t<div class=\"e-con-inner\">\n\t\t\t\t<div class=\"elementor-element elementor-element-8ae5f15 elementor-invisible elementor-widget elementor-widget-heading\" data-id=\"8ae5f15\" data-element_type=\"widget\" data-e-type=\"widget\" data-settings=\"{&quot;_animation&quot;:&quot;fadeIn&quot;,&quot;_animation_delay&quot;:0}\" data-widget_type=\"heading.default\">\n\t\t\t\t<div class=\"elementor-widget-container\">\n\t\t\t\t\t<h2 class=\"elementor-heading-title elementor-size-default\">Was du auf Canal B sehen wirst<\/h2>\t\t\t\t<\/div>\n\t\t\t\t<\/div>\n\t\t\t\t<div class=\"elementor-element elementor-element-f2f8acf elementor-widget-divider--view-line elementor-widget elementor-widget-divider\" data-id=\"f2f8acf\" data-element_type=\"widget\" data-e-type=\"widget\" data-widget_type=\"divider.default\">\n\t\t\t\t<div class=\"elementor-widget-container\">\n\t\t\t\t\t\t\t<div class=\"elementor-divider\">\n\t\t\t<span class=\"elementor-divider-separator\">\n\t\t\t\t\t\t<\/span>\n\t\t<\/div>\n\t\t\t\t\t\t<\/div>\n\t\t\t\t<\/div>\n\t\t\t\t<div class=\"elementor-element elementor-element-ef887bd elementor-widget elementor-widget-text-editor\" data-id=\"ef887bd\" data-element_type=\"widget\" data-e-type=\"widget\" data-widget_type=\"text-editor.default\">\n\t\t\t\t<div class=\"elementor-widget-container\">\n\t\t\t\t\t\t\t\t\t<p><strong>Zwei Kan\u00e4le<\/strong>, <strong>zwei Sprachen<\/strong>, ein gemeinsames Ziel: den Reichtum der Region widerspiegeln.<\/p><p>Eine t\u00e4gliche 20-min\u00fctige <strong>Nachrichtensendung<\/strong> auf Franz\u00f6sisch und eine weitere auf Deutsch. Politik, Wirtschaft, Kultur, Sport: Die regionalen Infos werden im Mittelpunkt stehen.<\/p><p><strong>Jeden Tag<\/strong> werden Magazine originelle Formate anbieten, die darauf ausgelegt sind, die Akteure und Initiativen der Region aufzuwerten. Sport, Kultur, politische Debatten, Wirtschaft und Zweisprachigkeit werden eigene Formate in der Programmplanung haben.<\/p><p>Canal B wird das Fernsehen von hier sein, das dich <strong>beobachtet<\/strong>.<\/p>\t\t\t\t\t\t\t\t<\/div>\n\t\t\t\t<\/div>\n\t\t\t\t\t<\/div>\n\t\t\t\t<\/div>\n\t\t<div class=\"elementor-element elementor-element-a1f543e e-flex e-con-boxed e-con e-parent\" data-id=\"a1f543e\" data-element_type=\"container\" data-e-type=\"container\">\n\t\t\t\t\t<div class=\"e-con-inner\">\n\t\t\t\t<div class=\"elementor-element elementor-element-8bcf953 elementor-invisible elementor-widget elementor-widget-heading\" data-id=\"8bcf953\" data-element_type=\"widget\" data-e-type=\"widget\" data-settings=\"{&quot;_animation&quot;:&quot;fadeIn&quot;,&quot;_animation_delay&quot;:0}\" data-widget_type=\"heading.default\">\n\t\t\t\t<div class=\"elementor-widget-container\">\n\t\t\t\t\t<h2 class=\"elementor-heading-title elementor-size-default\">Das Medium von heute und morgen<\/h2>\t\t\t\t<\/div>\n\t\t\t\t<\/div>\n\t\t\t\t<div class=\"elementor-element elementor-element-1ab1472 elementor-widget-divider--view-line elementor-widget elementor-widget-divider\" data-id=\"1ab1472\" data-element_type=\"widget\" data-e-type=\"widget\" data-widget_type=\"divider.default\">\n\t\t\t\t<div class=\"elementor-widget-container\">\n\t\t\t\t\t\t\t<div class=\"elementor-divider\">\n\t\t\t<span class=\"elementor-divider-separator\">\n\t\t\t\t\t\t<\/span>\n\t\t<\/div>\n\t\t\t\t\t\t<\/div>\n\t\t\t\t<\/div>\n\t\t\t\t<div class=\"elementor-element elementor-element-de14277 elementor-widget elementor-widget-text-editor\" data-id=\"de14277\" data-element_type=\"widget\" data-e-type=\"widget\" data-widget_type=\"text-editor.default\">\n\t\t\t\t<div class=\"elementor-widget-container\">\n\t\t\t\t\t\t\t\t\t<p>Das Fernsehen bleibt <strong>ein universelles Medium<\/strong>, das f\u00fcr alle zug\u00e4nglich ist. Mit Canal B wird es regional, nah, im Alltag von dem Grand Chasseral, dem Seeland, Biel, dem Freiburger Seebezirk und der Agglomeration Grenchen verankert.<\/p><p>In einer globalisierten Welt suchen die Menschen nach lokalen Bezugspunkten: nach Nachrichten, die sie ansprechen, die sie betreffen, die ihre Realit\u00e4t widerspiegeln.<\/p><p>Und wenn manche denken, dass das Fernsehen der Vergangenheit angeh\u00f6rt, dann denken wir genau das Gegenteil. Die Zukunft liegt im Bild, im Video, im audiovisuellen Bereich.<br \/>Und das ist genau das, was wir mit Canal B anbieten: <strong>ein lebendiges<\/strong>, sich entwickelndes Medium, das tief <strong>mit seiner Zeit<\/strong> verbunden ist.<br \/><br \/><\/p>\t\t\t\t\t\t\t\t<\/div>\n\t\t\t\t<\/div>\n\t\t\t\t\t<\/div>\n\t\t\t\t<\/div>\n\t\t<div class=\"elementor-element elementor-element-91cdc12 e-flex e-con-boxed e-con e-parent\" data-id=\"91cdc12\" data-element_type=\"container\" data-e-type=\"container\" data-settings=\"{&quot;background_background&quot;:&quot;classic&quot;}\">\n\t\t\t\t\t<div class=\"e-con-inner\">\n\t\t\t\t<div class=\"elementor-element elementor-element-a7e90c7 elementor-invisible elementor-widget elementor-widget-heading\" data-id=\"a7e90c7\" data-element_type=\"widget\" data-e-type=\"widget\" data-settings=\"{&quot;_animation&quot;:&quot;fadeIn&quot;,&quot;_animation_delay&quot;:0}\" data-widget_type=\"heading.default\">\n\t\t\t\t<div class=\"elementor-widget-container\">\n\t\t\t\t\t<h2 class=\"elementor-heading-title elementor-size-default\">Willst du an diesem Projekt teilnehmen?\n<\/h2>\t\t\t\t<\/div>\n\t\t\t\t<\/div>\n\t\t\t\t<div class=\"elementor-element elementor-element-9648e54 elementor-widget-divider--view-line elementor-widget elementor-widget-divider\" data-id=\"9648e54\" data-element_type=\"widget\" data-e-type=\"widget\" data-widget_type=\"divider.default\">\n\t\t\t\t<div class=\"elementor-widget-container\">\n\t\t\t\t\t\t\t<div class=\"elementor-divider\">\n\t\t\t<span class=\"elementor-divider-separator\">\n\t\t\t\t\t\t<\/span>\n\t\t<\/div>\n\t\t\t\t\t\t<\/div>\n\t\t\t\t<\/div>\n\t\t\t\t<div class=\"elementor-element elementor-element-896b63d elementor-widget elementor-widget-text-editor\" data-id=\"896b63d\" data-element_type=\"widget\" data-e-type=\"widget\" data-widget_type=\"text-editor.default\">\n\t\t\t\t<div class=\"elementor-widget-container\">\n\t\t\t\t\t\t\t\t\t<p>Wir <strong>lieben<\/strong> Bilder, T\u00f6ne, Medien &#8230; aber vor allem <strong>Menschen<\/strong>. Bei Canal B werden wir innovativ sein, im Team arbeiten und mit Enthusiasmus und Anspruch voranschreiten.<\/p><p>Wir werden ein <strong>n\u00fctzliches Medium<\/strong> schaffen, das in der Realit\u00e4t der Region verankert ist, mit dem Ehrgeiz, Gutes, Wahres und Relevantes zu machen.<\/p><p>Unsere DNA: eine <strong>echte Leidenschaft<\/strong> f\u00fcr unseren Beruf, eine ausgepr\u00e4gte Vorliebe f\u00fcr Spitzenleistungen, eine motivierende und solidarische Arbeitsatmosph\u00e4re.<\/p><p>Die Dinge ernsthaft anzugehen, ohne sich selbst zu ernst zu nehmen &#8211; das ist es, was uns auszeichnet.<\/p><p>Canal B wird jetzt aufgebaut, und vielleicht <strong>mit dir<\/strong>.<\/p><p>Wenn du motiviert, enthusiastisch und kompetent bist, z\u00f6gere nicht, dich <strong>zu bewerben<\/strong>! Wir werden bald die folgenden Stellen ausschreiben:<\/p><ul><li><strong><a href=\"https:\/\/www.canalb.ch\/wp-content\/uploads\/2026\/02\/2026-DE-CB-Anzeige-VJ.pdf\">Videojournalist\/in (VJ)<\/a><br \/><\/strong><\/li><li><strong><a href=\"https:\/\/www.canalb.ch\/wp-content\/uploads\/2026\/03\/20260309_CanalB_VJ_Anzeige.pdf\">Journalist\/in<\/a><\/strong><\/li><li><strong><a href=\"https:\/\/www.canalb.ch\/wp-content\/uploads\/2026\/02\/CanaB_Offre_Moderator_in-1.pdf\">Moderator\/in<\/a><\/strong><\/li><li><strong><a href=\"https:\/\/www.canalb.ch\/wp-content\/uploads\/2026\/02\/2026-Canal-B-Stagiaire-DE.pdf\">Praktikant\/in<\/a><\/strong><\/li><\/ul><p>Wir bieten motivierende Arbeitsbedingungen, eine innovative Unternehmenskultur und ein Start-up-Umfeld.<\/p><p><strong><span style=\"font-family: -apple-system, BlinkMacSystemFont, 'Segoe UI', Roboto, 'Helvetica Neue', Arial, 'Noto Sans', sans-serif, 'Apple Color Emoji', 'Segoe UI Emoji', 'Segoe UI Symbol', 'Noto Color Emoji';\">Bist du interessiert?<\/span><\/strong><span style=\"font-family: -apple-system, BlinkMacSystemFont, 'Segoe UI', Roboto, 'Helvetica Neue', Arial, 'Noto Sans', sans-serif, 'Apple Color Emoji', 'Segoe UI Emoji', 'Segoe UI Symbol', 'Noto Color Emoji';\"> Dann z\u00f6gere nicht, <\/span><span style=\"font-family: -apple-system, BlinkMacSystemFont, 'Segoe UI', Roboto, 'Helvetica Neue', Arial, 'Noto Sans', sans-serif, 'Apple Color Emoji', 'Segoe UI Emoji', 'Segoe UI Symbol', 'Noto Color Emoji';\">Kontakt aufzunehmen:<\/span><span style=\"font-family: -apple-system, BlinkMacSystemFont, 'Segoe UI', Roboto, 'Helvetica Neue', Arial, 'Noto Sans', sans-serif, 'Apple Color Emoji', 'Segoe UI Emoji', 'Segoe UI Symbol', 'Noto Color Emoji';\">\u00a0<\/span><a style=\"font-family: -apple-system, BlinkMacSystemFont, 'Segoe UI', Roboto, 'Helvetica Neue', Arial, 'Noto Sans', sans-serif, 'Apple Color Emoji', 'Segoe UI Emoji', 'Segoe UI Symbol', 'Noto Color Emoji';\" href=\"mailto:letscollab@canalb.ch\">letscollab@canalb.ch<\/a><\/p>\t\t\t\t\t\t\t\t<\/div>\n\t\t\t\t<\/div>\n\t\t\t\t<div class=\"elementor-element elementor-element-97a64de elementor-invisible elementor-widget elementor-widget-heading\" data-id=\"97a64de\" data-element_type=\"widget\" data-e-type=\"widget\" data-settings=\"{&quot;_animation&quot;:&quot;fadeIn&quot;,&quot;_animation_delay&quot;:0}\" data-widget_type=\"heading.default\">\n\t\t\t\t<div class=\"elementor-widget-container\">\n\t\t\t\t\t<h2 class=\"elementor-heading-title elementor-size-default\">Steigere deine Sichtbarkeit<\/h2>\t\t\t\t<\/div>\n\t\t\t\t<\/div>\n\t\t\t\t<div class=\"elementor-element elementor-element-db026c7 elementor-widget-divider--view-line elementor-widget elementor-widget-divider\" data-id=\"db026c7\" data-element_type=\"widget\" data-e-type=\"widget\" data-widget_type=\"divider.default\">\n\t\t\t\t<div class=\"elementor-widget-container\">\n\t\t\t\t\t\t\t<div class=\"elementor-divider\">\n\t\t\t<span class=\"elementor-divider-separator\">\n\t\t\t\t\t\t<\/span>\n\t\t<\/div>\n\t\t\t\t\t\t<\/div>\n\t\t\t\t<\/div>\n\t\t\t\t\t<\/div>\n\t\t\t\t<\/div>\n\t\t<div class=\"elementor-element elementor-element-1fc2604 e-flex e-con-boxed e-con e-parent\" data-id=\"1fc2604\" data-element_type=\"container\" data-e-type=\"container\">\n\t\t\t\t\t<div class=\"e-con-inner\">\n\t\t\t\t<div class=\"elementor-element elementor-element-6a43729 elementor-widget elementor-widget-video\" data-id=\"6a43729\" data-element_type=\"widget\" data-e-type=\"widget\" data-settings=\"{&quot;video_type&quot;:&quot;vimeo&quot;}\" data-widget_type=\"video.default\">\n\t\t\t\t<div class=\"elementor-widget-container\">\n\t\t\t\t\t\t\t<div class=\"elementor-wrapper elementor-open-inline\">\n\t\t\t<iframe class=\"elementor-video-iframe\" allowfullscreen allow=\"clipboard-write\" title=\"vimeo Video Player\" src=\"https:\/\/player.vimeo.com\/video\/1136884488?color&amp;autopause=0&amp;loop=0&amp;muted=0&amp;title=1&amp;portrait=1&amp;byline=1&amp;h=c8b80cd21c#t=\"><\/iframe>\t\t<\/div>\n\t\t\t\t\t\t<\/div>\n\t\t\t\t<\/div>\n\t\t\t\t\t<\/div>\n\t\t\t\t<\/div>\n\t\t<div class=\"elementor-element elementor-element-b1b6051 e-flex e-con-boxed e-con e-parent\" data-id=\"b1b6051\" data-element_type=\"container\" data-e-type=\"container\">\n\t\t\t\t\t<div class=\"e-con-inner\">\n\t\t\t\t<div class=\"elementor-element elementor-element-5605816 elementor-widget elementor-widget-text-editor\" data-id=\"5605816\" data-element_type=\"widget\" data-e-type=\"widget\" data-widget_type=\"text-editor.default\">\n\t\t\t\t<div class=\"elementor-widget-container\">\n\t\t\t\t\t\t\t\t\t<p>Gib deiner Marke, deinem Unternehmen und\/oder deiner Veranstaltung im Jahr 2026 neuen Schwung. Canal B erreicht ein Einzugsgebiet mit <strong>320&#8217;000 Einwohnern<\/strong>.<br \/>Buchen Sie ab sofort Ihre Werbekampagne und profitieren Sie von unseren <strong>aussergew\u00f6hnlichen Einf\u00fchrungsangeboten<\/strong>. <br \/>F\u00fcr weitere Informationen kontaktieren Sie uns bitte unter: <strong>werbung@canalb.ch<\/strong><\/p><p>\u00a0<\/p><p>\u00a0<\/p><p>\u00a0<\/p>\t\t\t\t\t\t\t\t<\/div>\n\t\t\t\t<\/div>\n\t\t\t\t<div class=\"elementor-element elementor-element-6a44505 elementor-invisible elementor-widget elementor-widget-heading\" data-id=\"6a44505\" data-element_type=\"widget\" data-e-type=\"widget\" data-settings=\"{&quot;_animation&quot;:&quot;fadeIn&quot;,&quot;_animation_delay&quot;:0}\" data-widget_type=\"heading.default\">\n\t\t\t\t<div class=\"elementor-widget-container\">\n\t\t\t\t\t<h2 class=\"elementor-heading-title elementor-size-default\">Wir wollen Ihr Partner sein<\/h2>\t\t\t\t<\/div>\n\t\t\t\t<\/div>\n\t\t\t\t<div class=\"elementor-element elementor-element-4c3b398 elementor-widget-divider--view-line elementor-widget elementor-widget-divider\" data-id=\"4c3b398\" data-element_type=\"widget\" data-e-type=\"widget\" data-widget_type=\"divider.default\">\n\t\t\t\t<div class=\"elementor-widget-container\">\n\t\t\t\t\t\t\t<div class=\"elementor-divider\">\n\t\t\t<span class=\"elementor-divider-separator\">\n\t\t\t\t\t\t<\/span>\n\t\t<\/div>\n\t\t\t\t\t\t<\/div>\n\t\t\t\t<\/div>\n\t\t\t\t<div class=\"elementor-element elementor-element-d979f3b elementor-widget elementor-widget-text-editor\" data-id=\"d979f3b\" data-element_type=\"widget\" data-e-type=\"widget\" data-widget_type=\"text-editor.default\">\n\t\t\t\t<div class=\"elementor-widget-container\">\n\t\t\t\t\t\t\t\t\t<p>Canal B wird mehr als nur Programme ausstrahlen: Wir werden bald Teil des <strong>Lebens in der Region<\/strong> sein.<\/p><p>Zu Ihren Diensten zu sein, bedeutet nicht nur, dass wir Sie richtig informieren, sondern auch, dass wir einen Dialog f\u00fchren, zusammenarbeiten und aufbauen.<\/p><p>Wir m\u00f6chten <strong>starke Partnerschaften<\/strong> mit Institutionen, Kultur, Sport und Wirtschaft aufbauen.<\/p><p>Lassen Sie uns <strong>gemeinsam<\/strong> das sichtbar machen, was das Herz unserer Region h\u00f6her schlagen l\u00e4sst.<\/p><p>F\u00fcr weitere Informationen k\u00f6nnen Sie sich gerne an uns wenden: <a href=\"mailto:hello@canalb.ch\">hello@canalb.ch<\/a><br \/><br \/>Canal B, L\u00e4ngfeldweg 42, 2504 Biel\/Bienne. Tel. 032 843 03 70\u00a0<\/p>\t\t\t\t\t\t\t\t<\/div>\n\t\t\t\t<\/div>\n\t\t\t\t\t<\/div>\n\t\t\t\t<\/div>\n\t\t<div class=\"elementor-element elementor-element-9890e20 e-flex e-con-boxed e-con e-parent\" data-id=\"9890e20\" data-element_type=\"container\" data-e-type=\"container\">\n\t\t\t\t\t<div class=\"e-con-inner\">\n\t\t\t\t\t<\/div>\n\t\t\t\t<\/div>\n\t\t\t\t<\/div>\n\t\t","protected":false},"excerpt":{"rendered":"<p>Der neue regionale Fernsehsender aus Biel, dem Grand Chasseral\u00a0und dem Seeland startet am 1. Juli 2026 Ein neues Medienprojekt f\u00fcr die Region Canal B erhielt 2024 eine Konzession des UVEK mit einem \u00f6ffentlichen Dienstleistungsauftrag. Aufgrund zweier Rekurse konnte die Ausstrahlung der Programme noch nicht beginnen. Unser Team bereitet jedoch mit Begeisterung den Start von Canal [&hellip;]<\/p>\n","protected":false},"author":1,"featured_media":0,"parent":0,"menu_order":0,"comment_status":"closed","ping_status":"closed","template":"","meta":{"footnotes":""},"class_list":["post-186","page","type-page","status-publish","hentry"],"_links":{"self":[{"href":"https:\/\/www.canalb.ch\/de\/wp-json\/wp\/v2\/pages\/186","targetHints":{"allow":["GET"]}}],"collection":[{"href":"https:\/\/www.canalb.ch\/de\/wp-json\/wp\/v2\/pages"}],"about":[{"href":"https:\/\/www.canalb.ch\/de\/wp-json\/wp\/v2\/types\/page"}],"author":[{"embeddable":true,"href":"https:\/\/www.canalb.ch\/de\/wp-json\/wp\/v2\/users\/1"}],"replies":[{"embeddable":true,"href":"https:\/\/www.canalb.ch\/de\/wp-json\/wp\/v2\/comments?post=186"}],"version-history":[{"count":122,"href":"https:\/\/www.canalb.ch\/de\/wp-json\/wp\/v2\/pages\/186\/revisions"}],"predecessor-version":[{"id":621,"href":"https:\/\/www.canalb.ch\/de\/wp-json\/wp\/v2\/pages\/186\/revisions\/621"}],"wp:attachment":[{"href":"https:\/\/www.canalb.ch\/de\/wp-json\/wp\/v2\/media?parent=186"}],"curies":[{"name":"wp","href":"https:\/\/api.w.org\/{rel}","templated":true}]}}